{"id":1415,"date":"2021-12-09T14:20:39","date_gmt":"2021-12-09T13:20:39","guid":{"rendered":"http:\/\/technikgeschichte-in-pommern.local\/technik-geschichte-in-pommern\/"},"modified":"2023-06-23T11:43:59","modified_gmt":"2023-06-23T09:43:59","slug":"historia-techniki-na-pomorzu","status":"publish","type":"page","link":"https:\/\/technikgeschichte-in-pommern.eu\/pl\/","title":{"rendered":"Historia techniki na Pomorzu"},"content":{"rendered":"\n<h1>\n\t\tZalew Szczeci\u0144ski\n\t<\/h1>\n<h3>\n\t\tpod\u0105\u017caj \u015bladami zaskakuj\u0105cej historii techniki\n\t<\/h3>\n\t\t\t\t<img loading=\"lazy\" decoding=\"async\" src=\"https:\/\/technikgeschichte-in-pommern.eu\/wp-content\/uploads\/20220713_Pommern-Karte_PL.jpg\" alt=\"20220713_Pommern-Karte_PL\" itemprop=\"image\" height=\"1200\" width=\"1800\" title=\"20220713_Pommern-Karte_PL\" onerror=\"this.style.display='none'\"  \/>\n\t<p>G\u0119ste lasy porastaj\u0105ce ziemi\u0119 pomi\u0119dzy niebem a wod\u0105 &#8211; tak prezentuje si\u0119 obecnie w Niemczech i Polsce \u201ekraina nad morzem&#8221;. Przyroda jednak ponownie zaw\u0142aszcza niemal zapomniane \u015bwiadectwa bogatej historii techniki. Jeszcze mo\u017cna je odnale\u017a\u0107: \u015blady wynalazk\u00f3w budz\u0105cych ambiwalentne odczucia i wiekopomnych zabytk\u00f3w technicznych z Pomorza.<\/p>\n\t\t\t\t<img decoding=\"async\" src=\"https:\/\/technikgeschichte-in-pommern.eu\/wp-content\/uploads\/logo-web.svg\" alt=\"Logo Web\" itemprop=\"image\" title=\"Logo Web\" onerror=\"this.style.display='none'\"  \/>\n\t<p>SZCZECIN<\/p>\n<h3>Muzeum Techniki i Komunikacji<\/h3>\n<p>Mobilno\u015b\u0107 i edukacja w zakresie bezpiecze\u0144stwa ruchu drogowego w Motoeksperymentarium SMYK.<\/p>\n\t\t\t<a href=\"https:\/\/technikgeschichte-in-pommern.eu\/pl\/muzeum-techniki-i-komunikacji\/\" target=\"_self\" rel=\"noopener\">\n\t\t\t\t\t\t\tOdkryj Ju\u017c Teraz \u2192\n\t\t\t\t\t<\/a>\n\t\t\t\t<img loading=\"lazy\" decoding=\"async\" src=\"https:\/\/technikgeschichte-in-pommern.eu\/wp-content\/uploads\/exponat-junak_historisch.jpg\" alt=\"Exponat Junak Historisch\" itemprop=\"image\" height=\"1400\" width=\"1920\" title=\"Exponat Junak Historisch\" onerror=\"this.style.display='none'\"  \/>\n\t\t\t\t<img loading=\"lazy\" decoding=\"async\" src=\"https:\/\/technikgeschichte-in-pommern.eu\/wp-content\/uploads\/OLM_ID17645.jpg\" alt=\"Olm Id17645\" itemprop=\"image\" height=\"1692\" width=\"2500\" title=\"Olm Id17645\" onerror=\"this.style.display='none'\"  \/>\n\t<p>ANKLAM<\/p>\n<h3>Muzeum Ottona Lilienthala<\/h3>\n<p>Wielowymiarowy \u015bwiat latania w laboratorium Lilienthal-LAB<\/p>\n\t\t\t<a href=\"https:\/\/technikgeschichte-in-pommern.eu\/pl\/muzeum-ottona-lilienthala-anklam\/\" target=\"_self\" rel=\"noopener\">\n\t\t\t\t\t\t\tOdkryj Ju\u017c Teraz \u2192\n\t\t\t\t\t<\/a>\n<h3>\n\t\tWitamy na stronie internetowej projektu wsp\u00f3\u0142finansowanego z \u015brodk\u00f3w UE pod tytu\u0142em \u201eHistoria techniki na Pomorzu&#8221; (Interreg VA)\n\t<\/h3>\n\t<p>Intensywna wsp\u00f3\u0142praca <a href=\"http:\/\/de.muzeumtechniki.eu\/\" target=\"_blank\" rel=\"noopener\">Muzeum Techniki i Komunikacji (MTiK)<\/a> w Szczecinie i <a href=\"http:\/\/www.lilienthal-museum.de\" target=\"_blank\" rel=\"noopener\">Muzeum Ottona Lilienthala (OLM)<\/a> w Anklam na niwie merytorycznej, kulturalnej i turystycznej wspiera i promuje transgraniczn\u0105 atrakcyjno\u015b\u0107 regionu Pomorza.<\/p>\n<p>Stworzona na bazie kooperacji strona internetowa umo\u017cliwia dost\u0119p do obu muze\u00f3w techniki w formie wirtualnej ekspozycji ze szczeg\u00f3lnie atrakcyjnymi eksponatami oraz do wieloj\u0119zycznych ofert edukacji muzealnej realizowanych w Eksperymentarium (MTiK) i Lilienthal-LAB (OLM) jako miejscach edukacji pozaszkolnej.<\/p>\n<p>Ponadto zawiera prezentacj\u0119 szeregu zabytk\u00f3w techniki w regionie, uzupe\u0142nion\u0105 tre\u015bciami cyfrowymi, a tak\u017ce zach\u0119ca do organizowania w\u0142asnych podr\u00f3\u017cy \u015bladami techniki.<\/p>\n\t<iframe loading=\"lazy\" width=\"560\" height=\"315\" src=\"https:\/\/www.youtube-nocookie.com\/embed\/gLhoMYXqIT4?modestbranding=1&#038;rel=0&#038;cc_load_policy=1&#038;iv_load_policy=3&#038;color=white\" title=\"Technikgeschichte in Pommern - Historia techniki na Pomorzu (Anklam \/ Szczecin)\" frameborder=\"0\" allowfullscreen><\/iframe>\n\t\t\t\t<img loading=\"lazy\" decoding=\"async\" src=\"https:\/\/technikgeschichte-in-pommern.eu\/wp-content\/uploads\/Otto-Lilienthal-Museum_Halle_003_16zu9-1.jpg\" alt=\"Otto Lilienthal Museum Halle 003 16zu9\" itemprop=\"image\" height=\"1407\" width=\"2500\" title=\"Otto Lilienthal Museum Halle 003 16zu9\" onerror=\"this.style.display='none'\"  \/>\n<h2>\n\t\tZabytki techniki nad Zalewem Szczeci\u0144skim\n\t<\/h2>\n\t\t\t\t<img loading=\"lazy\" decoding=\"async\" src=\"https:\/\/technikgeschichte-in-pommern.eu\/wp-content\/uploads\/Technikgeschichte-in-Pommern_Technik-am-Stettiner-Haff.jpg\" alt=\"Technikgeschichte In Pommern Technik Am Stettiner Haff\" itemprop=\"image\" height=\"1875\" width=\"2500\" title=\"Technikgeschichte In Pommern Technik Am Stettiner Haff\" onerror=\"this.style.display='none'\"  \/>\n\t<p>Relikty techniki z minionej epoki&#8230;<\/p>\n\t\t\t<a href=\"https:\/\/technikgeschichte-in-pommern.eu\/pl\/zabytki-techniki-nad-zalewem-szczecinskim\/\" target=\"_self\" rel=\"noopener\">\n\t\t\t\t\t\t\tOdkryj Ju\u017c Teraz \u2192\n\t\t\t\t\t<\/a>\n\t\t\t\t<img loading=\"lazy\" decoding=\"async\" src=\"https:\/\/technikgeschichte-in-pommern.eu\/wp-content\/uploads\/Museum_fuer_Technik_und_Kommunikation_003_16zu9.jpg\" alt=\"Museum Fuer Technik Und Kommunikation 003 16zu9\" itemprop=\"image\" height=\"1012\" width=\"1800\" title=\"Museum Fuer Technik Und Kommunikation 003 16zu9\" onerror=\"this.style.display='none'\"  \/>\n<h2>\n\t\tTrasy Turystyczne Nad Zalewem Szczeci\u0144skim\n\t<\/h2>\n\t<p>Odkryj okolice wok\u00f3\u0142 Zalewu Szczeci\u0144skiego &#8211; z ziemi, wody lub powietrza, pieszo, na rowerze lub na czterech k\u00f3\u0142kach!<\/p>\n\t\t\t<a href=\"https:\/\/technikgeschichte-in-pommern.eu\/pl\/trasy-turystyczne-nad-zalewem-szczecinskim\/\" target=\"_self\" rel=\"noopener\">\n\t\t\t\t\t\t\tOdkryj Ju\u017c Teraz \u2192\n\t\t\t\t\t<\/a>\n\t\t\t\t<img loading=\"lazy\" decoding=\"async\" src=\"https:\/\/technikgeschichte-in-pommern.eu\/wp-content\/uploads\/Technikgeschichte-in-Pommern_Touren-am-Stettiner-Haff.jpg\" alt=\"Technikgeschichte In Pommern Touren Am Stettiner Haff\" itemprop=\"image\" height=\"1667\" width=\"2500\" title=\"Technikgeschichte In Pommern Touren Am Stettiner Haff\" onerror=\"this.style.display='none'\"  \/>\n<h2>\n\t\tPublikacja:<br \/>Historia techniki na Pomorzu\n\t<\/h2>\n\t\t\t\t<a href=\"https:\/\/technikgeschichte-in-pommern.eu\/pl\/publikacja-historia-techniki-na-pomorzu\/\" target=\"_self\" itemprop=\"url\" rel=\"noopener\">\n\t\t\t\t<img loading=\"lazy\" decoding=\"async\" src=\"https:\/\/technikgeschichte-in-pommern.eu\/wp-content\/uploads\/publikation-cover.png\" alt=\"Publikation Cover\" itemprop=\"image\" height=\"1000\" width=\"666\" title=\"Publikation Cover\" onerror=\"this.style.display='none'\"  \/>\n\t\t\t\t<\/a>\n\n","protected":false},"excerpt":{"rendered":"<p>Zalew Szczeci\u0144ski pod\u0105\u017caj \u015bladami zaskakuj\u0105cej historii techniki G\u0119ste lasy porastaj\u0105ce ziemi\u0119 pomi\u0119dzy niebem a wod\u0105 &#8211; tak prezentuje si\u0119 obecnie w Niemczech i Polsce \u201ekraina nad morzem&#8221;. Przyroda jednak ponownie zaw\u0142aszcza niemal zapomniane \u015bwiadectwa bogatej historii techniki. Jeszcze mo\u017cna je odnale\u017a\u0107: \u015blady wynalazk\u00f3w budz\u0105cych ambiwalentne odczucia i wiekopomnych zabytk\u00f3w technicznych z Pomorza. SZCZECIN Muzeum Techniki&hellip;<\/p>\n","protected":false},"author":3,"featured_media":0,"parent":0,"menu_order":0,"comment_status":"closed","ping_status":"closed","template":"","meta":{"_acf_changed":false,"footnotes":""},"class_list":["post-1415","page","type-page","status-publish","hentry"],"acf":[],"_links":{"self":[{"href":"https:\/\/technikgeschichte-in-pommern.eu\/pl\/wp-json\/wp\/v2\/pages\/1415","targetHints":{"allow":["GET"]}}],"collection":[{"href":"https:\/\/technikgeschichte-in-pommern.eu\/pl\/wp-json\/wp\/v2\/pages"}],"about":[{"href":"https:\/\/technikgeschichte-in-pommern.eu\/pl\/wp-json\/wp\/v2\/types\/page"}],"author":[{"embeddable":true,"href":"https:\/\/technikgeschichte-in-pommern.eu\/pl\/wp-json\/wp\/v2\/users\/3"}],"replies":[{"embeddable":true,"href":"https:\/\/technikgeschichte-in-pommern.eu\/pl\/wp-json\/wp\/v2\/comments?post=1415"}],"version-history":[{"count":0,"href":"https:\/\/technikgeschichte-in-pommern.eu\/pl\/wp-json\/wp\/v2\/pages\/1415\/revisions"}],"wp:attachment":[{"href":"https:\/\/technikgeschichte-in-pommern.eu\/pl\/wp-json\/wp\/v2\/media?parent=1415"}],"curies":[{"name":"wp","href":"https:\/\/api.w.org\/{rel}","templated":true}]}}