{"id":1622,"date":"2021-12-09T12:19:32","date_gmt":"2021-12-09T11:19:32","guid":{"rendered":"http:\/\/technikgeschichte-in-pommern.eu\/impressum-und-datenschutzerklaerung\/"},"modified":"2022-06-30T11:40:30","modified_gmt":"2022-06-30T09:40:30","slug":"impressum-und-datenschutzerklaerung","status":"publish","type":"page","link":"https:\/\/technikgeschichte-in-pommern.eu\/pl\/impressum-und-datenschutzerklaerung\/","title":{"rendered":"Impressum und Datenschutz"},"content":{"rendered":"\n<h3>\n\t\tImpressum\n\t<\/h3>\n\t<p>Das Otto-Lilienthal-Museum \u00ae ist eine gemeinnu\u0308tzige Einrichtung in Tra\u0308gerschaft der Hansestadt Anklam (Regiebetrieb).<\/p>\n<a href=\"http:\/\/lilienthal-museum.de\/olma\/documents\/Leitbild.pdf\" target=\"_blank\" rel=\"noopener\">Leitbild<\/a> (PDF 66 KB)<br \/>\n<a href=\"http:\/\/lilienthal-museum.de\/olma\/documents\/Sammlungkonzeption.pdf\" target=\"_blank\" rel=\"noopener\">Sammlungskonzeption<\/a> (PDF 98 KB)<br \/>\n<a href=\"http:\/\/lilienthal-museum.de\/olma\/documents\/Satzung.pdf\" target=\"_blank\" rel=\"noopener\">Museumssatzung<\/a> (incl. Benutzungs- und Gebu\u0308hrenordnung, PDF 850 KB)\nOtto-Lilienthal-Museum<br \/>\nEllbogenstra\u00dfe 1<br \/>\nD-17389 Anklam\nTel. +49-3971-245500<br \/>\ne-mail: <a href=\"mailto:info@lilienthal-museum.de\">info@lilienthal-museum.de<\/a>\n<p>Bei der Zusammenstellung von Texten und Abbildungen sind wir mit gro\u0308\u00dfter Sorgfalt vorgegangen. Trotzdem ko\u0308nnen Fehler nicht ausgeschlossen werden. Fu\u0308r bemerkte und uns mitgeteilte und auch alle anderen Hinweise bedanken sich ganz herzlich!<\/p>\nDr.-Ing. Peter Busse<br \/>\nMuseumsleiter<br \/>\n(verantw. im Sinne des Presserechts )\n<p>Gemeinnu\u0308tziger Fo\u0308rderverein des Museums ist der 1990 gegru\u0308ndete &#8220;Fo\u0308rderverein Otto Lilienthal Anklam&#8221; e. V. mit Gescha\u0308ftsstelle im Museum.<\/p>\n<p>Das Museum ist Mitglied des &#8220;Museumsverbandes in Mecklenburg-Vorpommern&#8221;, des &#8220;Deutschen Museumsbundes&#8221;, des &#8220;European Museumsforum&#8221; und der &#8220;Gesellschaft zur Bewahrung von Sta\u0308tten Deutscher Luftfahrtgeschichte&#8221;. Es ist als &#8220;Kultureller Geda\u0308chtnisort nationaler Bedeutung&#8221; eingestuft.<\/p>\n<h4>Schutzrecht und Nutzung<\/h4>\n\u00a9 Schutzrecht wird beansprucht fu\u0308r die Marken Otto-Lilienthal-Museum und &#8220;Ikareum&#8221; (eingetragen durch die Hansestadt Anklam);Texte und Abbildungen Dritter, fu\u0308r die das Museum die Verwertungsrechte auf diesen Seiten besitzt und deren Urheber explizit genannt sind;<br \/>\nweitergehende Inhalte, die der Nutzungs- und Gebu\u0308hrenordnung des Museums unterliegen.\n<h4>Keine Haftung<\/h4>\n<p>Die Autoren ko\u0308nnen fu\u0308r fehlerhafte Angaben und deren Folgen weder eine juristische noch irgendeine Haftung u\u0308bernehmen. Dies gilt im Besonderen fu\u0308r Quellen in Verantwortung anderer Autoren, die aus den Dokumenten u\u0308ber externe Links erreichbar sind.<\/p>\n<h3>\n\t\tDatenschutz&shy;erkl\u00e4rung\n\t<\/h3>\n\t<p>Gem\u00e4\u00df Datenschutzgrundverordnung (DSGVO) und Bundesdatenschutzgesetz (BDSG)<\/p>\n<p>Unser Team nimmt den Schutz Ihrer pers\u00f6nlichen Daten sehr ernst und h\u00e4lt sich darum an die Regeln des Datenschutzgesetzes. Die nachfolgende Erkl\u00e4rung gibt Ihnen Auskunft \u00fcber Art, Zweck und Umfang der Datenerfassung und Verarbeitung.<\/p>\n<p>Beim Besuch dieser Website werden Daten vom Webserver f\u00fcr die \u00dcbertragung von Daten erhoben und zum Teil in Protokolldateien (Log-Files) gespeichert. Im Log-File unseres Webservers werden bei Besuch unserer Webseite anonymisierte Daten gespeichert, die Auskunft \u00fcber das genutzte Endger\u00e4t des Besuchers, den verwendeten Browser, den Zeitpunkt des Zugriffs, den sog. Referer und die \u00fcbertragenen Datenmengen geben. Ein Personenbezug ist aus diesen Daten allerdings nicht herstellbar.<\/p>\n<h4>Personenbezogene Daten<\/h4>\n<p>Wir verwenden die an uns \u00fcbertragenen, personenbezogenen Daten (z.B. Kontaktformular, Anmeldedaten, Beschreibungen, Fotos usw.) gem\u00e4\u00df der oben genannten gesetzlichen Bestimmungen. Der Webserver speichert au\u00dferdem Ihre IP-Adresse, mit der zumindest theoretisch ein Personenbezug hergestellt werden kann. Wir erheben, speichern und verarbeiten ausschlie\u00dflich durch den Nutzer im Rahmen seiner Angaben in dem Formular zur Verf\u00fcgung gestellte Daten und erstellen keinerlei Nutzerverhaltensprofile. Bei Sendung einer E-Mail an uns wird Ihre E-Mail- Adresse ausschlie\u00dflich f\u00fcr die Korrespondenz mit Ihnen verwendet. Die mit Ihnen gef\u00fchrte Korrespondenz wird automatisch gespeichert. Eine Weitergabe an Dritte durch uns erfolgt nicht. F\u00fcr den Schutz des Netzes wird im Rahmen allgemein g\u00e4ngiger Ma\u00dfnahmen (Schutz vor Schadsoftware \u00fcber aktualisierte Schutzsoftware) Sorge getragen. Auf sich daraus ergebende verbleibende Risiken wird hingewiesen. Die personenbezogenen Daten werden gel\u00f6scht oder gesperrt, sobald der Zweck der Speicherung entf\u00e4llt.<\/p>\n<h4>Verwendung von eingebundenen Inhalten<\/h4>\n<p>Wir verwenden innerhalb unseres Onlineangebotes m\u00f6glicherweise auch eingebundene Inhalte Dritter, wie z.B. Kartenmaterial von Google-Maps, Facebook, Videos, RSS-Feeds, Grafiken o.\u00e4. Es ist nicht ausgeschlossen, dass die Anbieter dieser Inhalte die IP-Adresse der Nutzer wahrnehmen. Ohne diese IP-Adresse k\u00f6nnen sie die Inhalte nicht an den Browser der jeweiligen Nutzer senden. Wir haben keinen Einfluss darauf, dass die Drittanbieter die IP-Adresse z.B. f\u00fcr statistische Zwecke speichern. Gegen einige eingebundene Inhalte k\u00f6nnen Sie auch Browsererweiterungen installieren, die deren Darstellung verhindert bzw. das Sammeln von Daten einschr\u00e4nkt oder anonymisiert.<\/p>\n<h4>Auskunftsrecht<\/h4>\n<p>Sollten Sie weitere Fragen zum Thema Datensicherheit haben, k\u00f6nnen Sie uns gerne kontaktieren.<\/p>\n\n","protected":false},"excerpt":{"rendered":"<p>Impressum Das Otto-Lilienthal-Museum \u00ae ist eine gemeinnu\u0308tzige Einrichtung in Tra\u0308gerschaft der Hansestadt Anklam (Regiebetrieb). Leitbild (PDF 66 KB) Sammlungskonzeption (PDF 98 KB) Museumssatzung (incl. Benutzungs- und Gebu\u0308hrenordnung, PDF 850 KB) Otto-Lilienthal-Museum Ellbogenstra\u00dfe 1 D-17389 Anklam Tel. +49-3971-245500 e-mail: info@lilienthal-museum.de Bei der Zusammenstellung von Texten und Abbildungen sind wir mit gro\u0308\u00dfter Sorgfalt vorgegangen. Trotzdem ko\u0308nnen Fehler&hellip;<\/p>\n","protected":false},"author":3,"featured_media":0,"parent":0,"menu_order":0,"comment_status":"closed","ping_status":"closed","template":"","meta":{"_acf_changed":false,"footnotes":""},"class_list":["post-1622","page","type-page","status-publish","hentry"],"acf":[],"_links":{"self":[{"href":"https:\/\/technikgeschichte-in-pommern.eu\/pl\/wp-json\/wp\/v2\/pages\/1622","targetHints":{"allow":["GET"]}}],"collection":[{"href":"https:\/\/technikgeschichte-in-pommern.eu\/pl\/wp-json\/wp\/v2\/pages"}],"about":[{"href":"https:\/\/technikgeschichte-in-pommern.eu\/pl\/wp-json\/wp\/v2\/types\/page"}],"author":[{"embeddable":true,"href":"https:\/\/technikgeschichte-in-pommern.eu\/pl\/wp-json\/wp\/v2\/users\/3"}],"replies":[{"embeddable":true,"href":"https:\/\/technikgeschichte-in-pommern.eu\/pl\/wp-json\/wp\/v2\/comments?post=1622"}],"version-history":[{"count":0,"href":"https:\/\/technikgeschichte-in-pommern.eu\/pl\/wp-json\/wp\/v2\/pages\/1622\/revisions"}],"wp:attachment":[{"href":"https:\/\/technikgeschichte-in-pommern.eu\/pl\/wp-json\/wp\/v2\/media?parent=1622"}],"curies":[{"name":"wp","href":"https:\/\/api.w.org\/{rel}","templated":true}]}}